{"id":6940,"date":"2026-01-15T11:06:22","date_gmt":"2026-01-15T10:06:22","guid":{"rendered":"https:\/\/www.fiegl.it\/?page_id=6940"},"modified":"2026-01-15T11:36:28","modified_gmt":"2026-01-15T10:36:28","slug":"privacy-policy","status":"publish","type":"page","link":"https:\/\/www.fiegl.it\/it\/privacy-policy\/","title":{"rendered":"Privacy Policy"},"content":{"rendered":"\n<style type=\"text\/css\" data-created_by=\"avia_inline_auto\" id=\"style-css-av-7coebu-4891e5a2d3981a425ff7fb8a4d3e6faa\">\n#top .av-special-heading.av-7coebu-4891e5a2d3981a425ff7fb8a4d3e6faa{\npadding-bottom:10px;\n}\nbody .av-special-heading.av-7coebu-4891e5a2d3981a425ff7fb8a4d3e6faa .av-special-heading-tag .heading-char{\nfont-size:25px;\n}\n.av-special-heading.av-7coebu-4891e5a2d3981a425ff7fb8a4d3e6faa .av-subheading{\nfont-size:15px;\n}\n<\/style>\n<div  class='av-special-heading av-7coebu-4891e5a2d3981a425ff7fb8a4d3e6faa av-special-heading-h1  avia-builder-el-0  el_before_av_one_full  avia-builder-el-first '><h1 class='av-special-heading-tag '  itemprop=\"headline\"  >Privacy Policy<\/h1><div class=\"special-heading-border\"><div class=\"special-heading-inner-border\"><\/div><\/div><\/div>\n\n<style type=\"text\/css\" data-created_by=\"avia_inline_auto\" id=\"style-css-av-6298ai-a6d2455be3c1fdcbf04005202c84ed6b\">\n.flex_column.av-6298ai-a6d2455be3c1fdcbf04005202c84ed6b{\nborder-radius:0px 0px 0px 0px;\npadding:0px 0px 0px 0px;\n}\n<\/style>\n<div  class='flex_column av-6298ai-a6d2455be3c1fdcbf04005202c84ed6b av_one_full  avia-builder-el-1  el_after_av_heading  el_before_av_section  avia-builder-el-last  first flex_column_div av-zero-column-padding  '     ><section  class='av_textblock_section av-3lki0q-d23002b7b7b5e3040320b004d85733ee '   itemscope=\"itemscope\" itemtype=\"https:\/\/schema.org\/CreativeWork\" ><div class='avia_textblock'  itemprop=\"text\" ><p>Ai sensi dell\u2019art. 13 del Regolamento (UE) 2016\/679 relativo alla protezione delle persone fisiche con riguardo al trattamento dei dati personali e della raccomandazione n. 2\/2001 relativa ai requisiti minimi per la raccolta di dati on-line nell\u2019UE.<\/p>\n<\/div><\/section><\/div><\/div><\/div><\/div><!-- close content main div --><\/div><\/div>\n<style type=\"text\/css\" data-created_by=\"avia_inline_auto\" id=\"style-css-av-30utvu-e4983afbab26ab36114f83075c171bab\">\n.avia-section.av-30utvu-e4983afbab26ab36114f83075c171bab{\nbackground-color:#f8f8f8;\nbackground-image:unset;\n}\n<\/style>\n<div id='av_section_1'  class='avia-section av-30utvu-e4983afbab26ab36114f83075c171bab main_color avia-section-default avia-no-shadow  avia-builder-el-3  el_after_av_one_full  avia-builder-el-last  avia-bg-style-scroll container_wrap fullsize'  ><div class='container av-section-cont-open' ><div class='template-page content  av-content-full alpha units'><div class='post-entry post-entry-type-page post-entry-6940'><div class='entry-content-wrapper clearfix'>\n<section  class='av_textblock_section av-mke70xgu-35b3e2441b349c8d425603f3eaa2c347 '   itemscope=\"itemscope\" itemtype=\"https:\/\/schema.org\/CreativeWork\" ><div class='avia_textblock'  itemprop=\"text\" ><p>1. Titolare del trattamento dei dati personali<\/p>\n<p>Florian Fiegl<br \/>\nI-39017 SCENA (BZ) \u2013 via Rothtaler, 1<br \/>\nTel. +39 328 2338534<br \/>\nE-Mail:\u00a0<a href=\"mailto:info@fiegl.it\">info@fiegl.it<\/a><br \/>\nPart. IVA: IT02479360212<br \/>\nCodice Sdi: W7YVJK9<br \/>\nCIN: IT021087B42UXAQ6TN<\/p>\n<p>Responsabile della Protezione dei Dati Personali<\/p>\n<p>Florian Fiegl<br \/>\nI-39017 SCENA (BZ) \u2013 via Rothtaler, 1<br \/>\nTel. +39 328 2338534<br \/>\nE-Mail:\u00a0<a href=\"mailto:info@fiegl.it\">info@fiegl.it<\/a><br \/>\nPart. IVA: IT02479360212<br \/>\nCodice Sdi: W7YVJK9<br \/>\nCIN: IT021087B42UXAQ6TN<\/p>\n<p>La presente informativa privacy intende fornire informazioni circa il trattamento, le finalit\u00e0, le modalit\u00e0 e, in generale, la gestione dei dati raccolti tramite il sito web www.fiegl.it (di seguito, per brevit\u00e0, il Sito Web). La presente informativa privacy riguarda unicamente il presente Sito Web, escludendo quindi ulteriori pagine visitabili tramite collegamento (link).<\/p>\n<p>2. Finalit\u00e0 del trattamento e base giuridica<br \/>\nIl Titolare del trattamento garantisce nell\u2019ambito delle previsioni normative che il trattamento dei dati personali tramite il Sito Web si svolge nel rispetto dei diritti e delle libert\u00e0 fondamentali, nonch\u00e9 della dignit\u00e0 dell\u2019interessato\/a, con particolare riferimento alla riservatezza, all\u2019identit\u00e0 personale e al diritto alla protezione dei dati personali.<br \/>\nNel rispetto delle condizioni di liceit\u00e0 previste all\u2019art. 6 del GDPR 2016\/679, i dati personali da Lei forniti attraverso il Sito Web potranno essere trattati esclusivamente per le seguenti finalit\u00e0:<br \/>\na) Iscrizione Newsletter<br \/>\nL\u2019interessato ha prestato il proprio consenso esplicito al trattamento di tali dati personali per una o pi\u00f9 finalit\u00e0 specifiche [\u2026] \u2013 art. 6, comma 1, lett. a) del GDPR 2016\/67).<\/p>\n<p>3. Tipologia di dati trattati<br \/>\nPer le finalit\u00e0 sopra citate possono essere oggetto di trattamento principalmente:<br \/>\na. dati personali di natura comune (es. nome, cognome, numero di telefono e indirizzo di posta elettronica);<\/p>\n<p>4. Modalit\u00e0 di trattamento<br \/>\nIl trattamento sar\u00e0 effettuato:<br \/>\na. dal solo personale autorizzato per lo svolgimento delle attivit\u00e0 di trattamento;<br \/>\nb. mediante l\u2019utilizzo di sistemi manuali e elettronici;<br \/>\nc. da soggetti autorizzati all\u2019assolvimento di tali compiti ai sensi di legge;<br \/>\nd. con l\u2019impiego di misure organizzative e tecniche adeguate a garantire la riservatezza dei dati ed evitare l\u2019accesso agli stessi da parte di terzi non autorizzati.<br \/>\nI Suoi dati non saranno inseriti in processi decisionali automatizzati.<\/p>\n<p>5. Periodo di conservazione dei dati personali<br \/>\nI dati da Lei forniti saranno conservati per il periodo strettamente necessario al perseguimento delle finalit\u00e0 ovvero fino alla revoca del consenso prestato.<\/p>\n<p>6. Diffusione e comunicazione dei dati personali<br \/>\nI Suoi dati personali non saranno diffusi. Tuttavia gli stessi potranno essere comunicati a terzi:<br \/>\na. alle Pubbliche Amministrazioni e Autorit\u00e0, ove previsto dalla legge;<br \/>\nb. fornitori di servizi e soggetti terzi in rapporto contrattuale con il Titolare nominati quali \u201cResponsabili del trattamento\u201d ex art. 28 del GDPR e tenuti al rispetto degli obblighi in materia di protezione dei dati, in virt\u00f9 di un apposito atto stipulato con il Titolare;<br \/>\nc. soggetti giuridici legittimati ad accedere ai dati in forza di disposizioni di legge, normative e regolamentari<\/p>\n<p>7. Diritti degli interessati<br \/>\nLei ha diritto di richiedere al Titolare del trattamento i diritti di cui agli artt. 15 e ss. del GDPR 2016\/679:<br \/>\n\u2013 L\u2019accesso ai Suoi dati ed informazioni;<br \/>\n\u2013 la rettifica e la cancellazione (\u201cdiritto all\u2019oblio\u201d) dei dati;<br \/>\n\u2013 la limitazione del trattamento e la possibilit\u00e0 di opporsi al trattamento;<br \/>\n\u2013 la portabilit\u00e0 dei dati;<br \/>\n\u2013 la revoca al consenso del trattamento.<\/p>\n<p>Qualora ritenga che i suoi diritti sono stati violati, Lei ha la facolt\u00e0 e il diritto di esporre reclamo all\u2019Autorit\u00e0 GPDP per la tutela dei dati personali:\u00a0 <a href=\"https:\/\/www.garanteprivacy.it\" target=\"_blank\" rel=\"noopener\">www.garanteprivacy.it<\/a><\/p>\n<\/div><\/section>\n<\/p>\n","protected":false},"excerpt":{"rendered":"","protected":false},"author":1205,"featured_media":6353,"parent":0,"menu_order":0,"comment_status":"closed","ping_status":"closed","template":"","meta":{"_joinchat":[],"footnotes":""},"class_list":["post-6940","page","type-page","status-publish","has-post-thumbnail","hentry"],"yoast_head":"<!-- This site is optimized with the Yoast SEO plugin v27.4 - https:\/\/yoast.com\/product\/yoast-seo-wordpress\/ -->\n<title>Privacy Policy - Residence Fiegl<\/title>\n<meta name=\"description\" content=\"Privacy Policy: Ai sensi dell\u2019art. 13 del Regolamento (UE) 2016\/679 relativo alla protezione delle persone fisiche con riguardo al ...\" \/>\n<meta name=\"robots\" content=\"index, follow, max-snippet:-1, max-image-preview:large, max-video-preview:-1\" \/>\n<link rel=\"canonical\" href=\"https:\/\/www.fiegl.it\/it\/privacy-policy\/\" \/>\n<meta property=\"og:locale\" content=\"it_IT\" \/>\n<meta property=\"og:type\" content=\"article\" \/>\n<meta property=\"og:title\" content=\"Privacy Policy - Residence Fiegl\" \/>\n<meta property=\"og:description\" content=\"Privacy Policy: Ai sensi dell\u2019art. 13 del Regolamento (UE) 2016\/679 relativo alla protezione delle persone fisiche con riguardo al ...\" \/>\n<meta property=\"og:url\" content=\"https:\/\/www.fiegl.it\/it\/privacy-policy\/\" \/>\n<meta property=\"og:site_name\" content=\"Appartamenti per le vacanze a Scena presso Merano: Residence Fiegl\" \/>\n<meta property=\"article:publisher\" content=\"https:\/\/www.facebook.com\/ResidenceFiegl\" \/>\n<meta property=\"article:modified_time\" content=\"2026-01-15T10:36:28+00:00\" \/>\n<meta property=\"og:image\" content=\"https:\/\/www.fiegl.it\/wp-content\/uploads\/2022\/05\/residence-fiegl_logo-credits.png\" \/>\n\t<meta property=\"og:image:width\" content=\"1030\" \/>\n\t<meta property=\"og:image:height\" content=\"687\" \/>\n\t<meta property=\"og:image:type\" content=\"image\/png\" \/>\n<meta name=\"twitter:card\" content=\"summary_large_image\" \/>\n<script type=\"application\/ld+json\" class=\"yoast-schema-graph\">{\"@context\":\"https:\\\/\\\/schema.org\",\"@graph\":[{\"@type\":\"WebPage\",\"@id\":\"https:\\\/\\\/www.fiegl.it\\\/it\\\/privacy-policy\\\/\",\"url\":\"https:\\\/\\\/www.fiegl.it\\\/it\\\/privacy-policy\\\/\",\"name\":\"Privacy Policy - Residence Fiegl\",\"isPartOf\":{\"@id\":\"https:\\\/\\\/www.fiegl.it\\\/it\\\/#website\"},\"primaryImageOfPage\":{\"@id\":\"https:\\\/\\\/www.fiegl.it\\\/it\\\/privacy-policy\\\/#primaryimage\"},\"image\":{\"@id\":\"https:\\\/\\\/www.fiegl.it\\\/it\\\/privacy-policy\\\/#primaryimage\"},\"thumbnailUrl\":\"https:\\\/\\\/www.fiegl.it\\\/wp-content\\\/uploads\\\/2022\\\/05\\\/residence-fiegl_logo-credits.png\",\"datePublished\":\"2026-01-15T10:06:22+00:00\",\"dateModified\":\"2026-01-15T10:36:28+00:00\",\"description\":\"Privacy Policy: Ai sensi dell\u2019art. 13 del Regolamento (UE) 2016\\\/679 relativo alla protezione delle persone fisiche con riguardo al ...\",\"breadcrumb\":{\"@id\":\"https:\\\/\\\/www.fiegl.it\\\/it\\\/privacy-policy\\\/#breadcrumb\"},\"inLanguage\":\"it-IT\",\"potentialAction\":[{\"@type\":\"ReadAction\",\"target\":[\"https:\\\/\\\/www.fiegl.it\\\/it\\\/privacy-policy\\\/\"]}]},{\"@type\":\"ImageObject\",\"inLanguage\":\"it-IT\",\"@id\":\"https:\\\/\\\/www.fiegl.it\\\/it\\\/privacy-policy\\\/#primaryimage\",\"url\":\"https:\\\/\\\/www.fiegl.it\\\/wp-content\\\/uploads\\\/2022\\\/05\\\/residence-fiegl_logo-credits.png\",\"contentUrl\":\"https:\\\/\\\/www.fiegl.it\\\/wp-content\\\/uploads\\\/2022\\\/05\\\/residence-fiegl_logo-credits.png\",\"width\":1030,\"height\":687,\"caption\":\"colophon privacy policy Cookie Policy\"},{\"@type\":\"BreadcrumbList\",\"@id\":\"https:\\\/\\\/www.fiegl.it\\\/it\\\/privacy-policy\\\/#breadcrumb\",\"itemListElement\":[{\"@type\":\"ListItem\",\"position\":1,\"name\":\"Home\",\"item\":\"https:\\\/\\\/www.fiegl.it\\\/it\\\/appartamenti-per-le-vacanze-scena-presso-merano\\\/\"},{\"@type\":\"ListItem\",\"position\":2,\"name\":\"Privacy Policy\"}]},{\"@type\":\"WebSite\",\"@id\":\"https:\\\/\\\/www.fiegl.it\\\/it\\\/#website\",\"url\":\"https:\\\/\\\/www.fiegl.it\\\/it\\\/\",\"name\":\"Appartamenti per le vacanze a Scena presso Merano: Residence Fiegl\",\"description\":\"Residence Fiegl \\\/ Scena presso Merano (BZ) Alto Adige\",\"potentialAction\":[{\"@type\":\"SearchAction\",\"target\":{\"@type\":\"EntryPoint\",\"urlTemplate\":\"https:\\\/\\\/www.fiegl.it\\\/it\\\/?s={search_term_string}\"},\"query-input\":{\"@type\":\"PropertyValueSpecification\",\"valueRequired\":true,\"valueName\":\"search_term_string\"}}],\"inLanguage\":\"it-IT\"}]}<\/script>\n<!-- \/ Yoast SEO plugin. -->","yoast_head_json":{"title":"Privacy Policy - Residence Fiegl","description":"Privacy Policy: Ai sensi dell\u2019art. 13 del Regolamento (UE) 2016\/679 relativo alla protezione delle persone fisiche con riguardo al ...","robots":{"index":"index","follow":"follow","max-snippet":"max-snippet:-1","max-image-preview":"max-image-preview:large","max-video-preview":"max-video-preview:-1"},"canonical":"https:\/\/www.fiegl.it\/it\/privacy-policy\/","og_locale":"it_IT","og_type":"article","og_title":"Privacy Policy - Residence Fiegl","og_description":"Privacy Policy: Ai sensi dell\u2019art. 13 del Regolamento (UE) 2016\/679 relativo alla protezione delle persone fisiche con riguardo al ...","og_url":"https:\/\/www.fiegl.it\/it\/privacy-policy\/","og_site_name":"Appartamenti per le vacanze a Scena presso Merano: Residence Fiegl","article_publisher":"https:\/\/www.facebook.com\/ResidenceFiegl","article_modified_time":"2026-01-15T10:36:28+00:00","og_image":[{"width":1030,"height":687,"url":"https:\/\/www.fiegl.it\/wp-content\/uploads\/2022\/05\/residence-fiegl_logo-credits.png","type":"image\/png"}],"twitter_card":"summary_large_image","schema":{"@context":"https:\/\/schema.org","@graph":[{"@type":"WebPage","@id":"https:\/\/www.fiegl.it\/it\/privacy-policy\/","url":"https:\/\/www.fiegl.it\/it\/privacy-policy\/","name":"Privacy Policy - Residence Fiegl","isPartOf":{"@id":"https:\/\/www.fiegl.it\/it\/#website"},"primaryImageOfPage":{"@id":"https:\/\/www.fiegl.it\/it\/privacy-policy\/#primaryimage"},"image":{"@id":"https:\/\/www.fiegl.it\/it\/privacy-policy\/#primaryimage"},"thumbnailUrl":"https:\/\/www.fiegl.it\/wp-content\/uploads\/2022\/05\/residence-fiegl_logo-credits.png","datePublished":"2026-01-15T10:06:22+00:00","dateModified":"2026-01-15T10:36:28+00:00","description":"Privacy Policy: Ai sensi dell\u2019art. 13 del Regolamento (UE) 2016\/679 relativo alla protezione delle persone fisiche con riguardo al ...","breadcrumb":{"@id":"https:\/\/www.fiegl.it\/it\/privacy-policy\/#breadcrumb"},"inLanguage":"it-IT","potentialAction":[{"@type":"ReadAction","target":["https:\/\/www.fiegl.it\/it\/privacy-policy\/"]}]},{"@type":"ImageObject","inLanguage":"it-IT","@id":"https:\/\/www.fiegl.it\/it\/privacy-policy\/#primaryimage","url":"https:\/\/www.fiegl.it\/wp-content\/uploads\/2022\/05\/residence-fiegl_logo-credits.png","contentUrl":"https:\/\/www.fiegl.it\/wp-content\/uploads\/2022\/05\/residence-fiegl_logo-credits.png","width":1030,"height":687,"caption":"colophon privacy policy Cookie Policy"},{"@type":"BreadcrumbList","@id":"https:\/\/www.fiegl.it\/it\/privacy-policy\/#breadcrumb","itemListElement":[{"@type":"ListItem","position":1,"name":"Home","item":"https:\/\/www.fiegl.it\/it\/appartamenti-per-le-vacanze-scena-presso-merano\/"},{"@type":"ListItem","position":2,"name":"Privacy Policy"}]},{"@type":"WebSite","@id":"https:\/\/www.fiegl.it\/it\/#website","url":"https:\/\/www.fiegl.it\/it\/","name":"Appartamenti per le vacanze a Scena presso Merano: Residence Fiegl","description":"Residence Fiegl \/ Scena presso Merano (BZ) Alto Adige","potentialAction":[{"@type":"SearchAction","target":{"@type":"EntryPoint","urlTemplate":"https:\/\/www.fiegl.it\/it\/?s={search_term_string}"},"query-input":{"@type":"PropertyValueSpecification","valueRequired":true,"valueName":"search_term_string"}}],"inLanguage":"it-IT"}]}},"_links":{"self":[{"href":"https:\/\/www.fiegl.it\/it\/wp-json\/wp\/v2\/pages\/6940","targetHints":{"allow":["GET"]}}],"collection":[{"href":"https:\/\/www.fiegl.it\/it\/wp-json\/wp\/v2\/pages"}],"about":[{"href":"https:\/\/www.fiegl.it\/it\/wp-json\/wp\/v2\/types\/page"}],"author":[{"embeddable":true,"href":"https:\/\/www.fiegl.it\/it\/wp-json\/wp\/v2\/users\/1205"}],"replies":[{"embeddable":true,"href":"https:\/\/www.fiegl.it\/it\/wp-json\/wp\/v2\/comments?post=6940"}],"version-history":[{"count":0,"href":"https:\/\/www.fiegl.it\/it\/wp-json\/wp\/v2\/pages\/6940\/revisions"}],"wp:featuredmedia":[{"embeddable":true,"href":"https:\/\/www.fiegl.it\/it\/wp-json\/wp\/v2\/media\/6353"}],"wp:attachment":[{"href":"https:\/\/www.fiegl.it\/it\/wp-json\/wp\/v2\/media?parent=6940"}],"curies":[{"name":"wp","href":"https:\/\/api.w.org\/{rel}","templated":true}]}}